{"id":103,"date":"2025-06-07T10:33:11","date_gmt":"2025-06-07T10:33:11","guid":{"rendered":"http:\/\/localhost\/mghwp\/?post_type=product&#038;p=103"},"modified":"2025-09-27T14:59:12","modified_gmt":"2025-09-27T14:59:12","slug":"nutrifit-classic","status":"publish","type":"product","link":"https:\/\/mygenehub.com\/pt\/produto\/nutrifit-classic\/","title":{"rendered":"NUTRIFIT CLASSIC"},"content":{"rendered":"<p><span style=\"font-size: 18px;\"><strong>29 An\u00e1lise de DNA<\/strong><\/span><\/p>\n<p>O NutriFit usa a an\u00e1lise nutrigen\u00e9tica para atender \u00e0s suas necessidades de condicionamento f\u00edsico, pois muitas vezes n\u00e3o atingimos nossas metas porque n\u00e3o consideramos as necessidades do nosso corpo - nossas predisposi\u00e7\u00f5es gen\u00e9ticas. O NutriFit oferece uma abordagem mais personalizada com base em suas necessidades espec\u00edficas.<\/p>","protected":false},"excerpt":{"rendered":"<p>29 An\u00e1lise de DNA O NutriFit usa a an\u00e1lise nutrigen\u00e9tica para atender \u00e0s suas necessidades de condicionamento f\u00edsico, pois muitas vezes n\u00e3o atingimos nossas metas porque n\u00e3o levamos em conta as necessidades do nosso corpo - nossas predisposi\u00e7\u00f5es gen\u00e9ticas. O NutriFit oferece uma abordagem mais personalizada com base em suas necessidades espec\u00edficas.<\/p>","protected":false},"featured_media":1509,"comment_status":"open","ping_status":"closed","template":"","meta":{"_kadence_starter_templates_imported_post":false,"_kad_post_transparent":"default","_kad_post_title":"","_kad_post_layout":"default","_kad_post_sidebar_id":"","_kad_post_content_style":"default","_kad_post_vertical_padding":"default","_kad_post_feature":"","_kad_post_feature_position":"","_kad_post_header":false,"_kad_post_footer":false},"product_brand":[],"product_cat":[29],"product_tag":[],"class_list":{"0":"post-103","1":"product","2":"type-product","3":"status-publish","4":"has-post-thumbnail","6":"product_cat-home-dna-tests","8":"first","9":"instock","10":"featured","11":"taxable","12":"shipping-taxable","13":"purchasable","14":"product-type-simple","15":"entry","16":"content-bg","17":"loop-entry"},"_links":{"self":[{"href":"https:\/\/mygenehub.com\/pt\/wp-json\/wp\/v2\/product\/103","targetHints":{"allow":["GET"]}}],"collection":[{"href":"https:\/\/mygenehub.com\/pt\/wp-json\/wp\/v2\/product"}],"about":[{"href":"https:\/\/mygenehub.com\/pt\/wp-json\/wp\/v2\/types\/product"}],"replies":[{"embeddable":true,"href":"https:\/\/mygenehub.com\/pt\/wp-json\/wp\/v2\/comments?post=103"}],"wp:featuredmedia":[{"embeddable":true,"href":"https:\/\/mygenehub.com\/pt\/wp-json\/wp\/v2\/media\/1509"}],"wp:attachment":[{"href":"https:\/\/mygenehub.com\/pt\/wp-json\/wp\/v2\/media?parent=103"}],"wp:term":[{"taxonomy":"product_brand","embeddable":true,"href":"https:\/\/mygenehub.com\/pt\/wp-json\/wp\/v2\/product_brand?post=103"},{"taxonomy":"product_cat","embeddable":true,"href":"https:\/\/mygenehub.com\/pt\/wp-json\/wp\/v2\/product_cat?post=103"},{"taxonomy":"product_tag","embeddable":true,"href":"https:\/\/mygenehub.com\/pt\/wp-json\/wp\/v2\/product_tag?post=103"}],"curies":[{"name":"wp","href":"https:\/\/api.w.org\/{rel}","templated":true}]}}