{"id":105,"date":"2025-06-07T10:36:19","date_gmt":"2025-06-07T10:36:19","guid":{"rendered":"http:\/\/localhost\/mghwp\/?post_type=product&#038;p=105"},"modified":"2025-09-27T14:58:21","modified_gmt":"2025-09-27T14:58:21","slug":"nutriskin-premium","status":"publish","type":"product","link":"https:\/\/mygenehub.com\/pt\/produto\/nutriskin-premium\/","title":{"rendered":"NUTRISKIN PREMIUM"},"content":{"rendered":"<p><span style=\"font-size: 18px;\"><strong>18 An\u00e1lise de DNA<\/strong><\/span><\/p>\n<p>O NutriSkin se concentra na sa\u00fade, vitalidade e rejuvenescimento da pele em sintonia com seus genes. Descubra a nutri\u00e7\u00e3o ideal para retardar o processo de envelhecimento e escolha os cosm\u00e9ticos ideais para seu DNA.<\/p>","protected":false},"excerpt":{"rendered":"<p><span style=\"font-size: 18px;\"><strong>18 An\u00e1lise de DNA (CURTO)<\/strong><\/span><\/p>\n<p>O NutriSkin se concentra na sa\u00fade, vitalidade e rejuvenescimento da pele em sintonia com seus genes. Descubra a nutri\u00e7\u00e3o ideal para retardar o processo de envelhecimento e escolha os cosm\u00e9ticos ideais para seu DNA.<\/p>","protected":false},"featured_media":1882,"comment_status":"open","ping_status":"closed","template":"","meta":{"_kadence_starter_templates_imported_post":false,"_kad_post_transparent":"default","_kad_post_title":"","_kad_post_layout":"default","_kad_post_sidebar_id":"","_kad_post_content_style":"default","_kad_post_vertical_padding":"default","_kad_post_feature":"","_kad_post_feature_position":"","_kad_post_header":false,"_kad_post_footer":false},"product_brand":[],"product_cat":[29],"product_tag":[],"class_list":{"0":"post-105","1":"product","2":"type-product","3":"status-publish","4":"has-post-thumbnail","6":"product_cat-home-dna-tests","8":"first","9":"instock","10":"featured","11":"taxable","12":"shipping-taxable","13":"purchasable","14":"product-type-simple","15":"entry","16":"content-bg","17":"loop-entry"},"_links":{"self":[{"href":"https:\/\/mygenehub.com\/pt\/wp-json\/wp\/v2\/product\/105","targetHints":{"allow":["GET"]}}],"collection":[{"href":"https:\/\/mygenehub.com\/pt\/wp-json\/wp\/v2\/product"}],"about":[{"href":"https:\/\/mygenehub.com\/pt\/wp-json\/wp\/v2\/types\/product"}],"replies":[{"embeddable":true,"href":"https:\/\/mygenehub.com\/pt\/wp-json\/wp\/v2\/comments?post=105"}],"wp:featuredmedia":[{"embeddable":true,"href":"https:\/\/mygenehub.com\/pt\/wp-json\/wp\/v2\/media\/1882"}],"wp:attachment":[{"href":"https:\/\/mygenehub.com\/pt\/wp-json\/wp\/v2\/media?parent=105"}],"wp:term":[{"taxonomy":"product_brand","embeddable":true,"href":"https:\/\/mygenehub.com\/pt\/wp-json\/wp\/v2\/product_brand?post=105"},{"taxonomy":"product_cat","embeddable":true,"href":"https:\/\/mygenehub.com\/pt\/wp-json\/wp\/v2\/product_cat?post=105"},{"taxonomy":"product_tag","embeddable":true,"href":"https:\/\/mygenehub.com\/pt\/wp-json\/wp\/v2\/product_tag?post=105"}],"curies":[{"name":"wp","href":"https:\/\/api.w.org\/{rel}","templated":true}]}}