{"id":1348,"date":"2025-06-08T08:38:24","date_gmt":"2025-06-08T08:38:24","guid":{"rendered":"http:\/\/localhost\/mghwp\/?post_type=product&#038;p=1348"},"modified":"2025-09-27T14:57:45","modified_gmt":"2025-09-27T14:57:45","slug":"nutriplan-personalised","status":"publish","type":"product","link":"https:\/\/mygenehub.com\/pt\/produto\/nutriplan-personalised\/","title":{"rendered":"NUTRIPLAN PERSONALIZADO"},"content":{"rendered":"<p><span style=\"font-size: 18px;\"><strong>Plano de nutri\u00e7\u00e3o<\/strong><\/span><\/p>\n<p>Revela suas necessidades nutricionais individuais e o ajuda a desenvolver h\u00e1bitos alimentares ideais com base nos resultados de sua an\u00e1lise gen\u00e9tica.<\/p>","protected":false},"excerpt":{"rendered":"<p><span style=\"font-size: 18px;\"><strong>Plano de nutri\u00e7\u00e3o<\/strong><\/span><\/p>\n<p>Revela suas necessidades nutricionais individuais e o ajuda a desenvolver h\u00e1bitos alimentares ideais com base nos resultados de sua an\u00e1lise gen\u00e9tica.<\/p>","protected":false},"featured_media":2171,"comment_status":"open","ping_status":"closed","template":"","meta":{"_kadence_starter_templates_imported_post":false,"_kad_post_transparent":"default","_kad_post_title":"","_kad_post_layout":"default","_kad_post_sidebar_id":"","_kad_post_content_style":"boxed","_kad_post_vertical_padding":"default","_kad_post_feature":"","_kad_post_feature_position":"","_kad_post_header":false,"_kad_post_footer":false},"product_brand":[],"product_cat":[29],"product_tag":[],"class_list":{"0":"post-1348","1":"product","2":"type-product","3":"status-publish","4":"has-post-thumbnail","6":"product_cat-home-dna-tests","8":"first","9":"instock","10":"featured","11":"taxable","12":"shipping-taxable","13":"purchasable","14":"product-type-simple","15":"entry","16":"content-bg","17":"loop-entry"},"_links":{"self":[{"href":"https:\/\/mygenehub.com\/pt\/wp-json\/wp\/v2\/product\/1348","targetHints":{"allow":["GET"]}}],"collection":[{"href":"https:\/\/mygenehub.com\/pt\/wp-json\/wp\/v2\/product"}],"about":[{"href":"https:\/\/mygenehub.com\/pt\/wp-json\/wp\/v2\/types\/product"}],"replies":[{"embeddable":true,"href":"https:\/\/mygenehub.com\/pt\/wp-json\/wp\/v2\/comments?post=1348"}],"wp:featuredmedia":[{"embeddable":true,"href":"https:\/\/mygenehub.com\/pt\/wp-json\/wp\/v2\/media\/2171"}],"wp:attachment":[{"href":"https:\/\/mygenehub.com\/pt\/wp-json\/wp\/v2\/media?parent=1348"}],"wp:term":[{"taxonomy":"product_brand","embeddable":true,"href":"https:\/\/mygenehub.com\/pt\/wp-json\/wp\/v2\/product_brand?post=1348"},{"taxonomy":"product_cat","embeddable":true,"href":"https:\/\/mygenehub.com\/pt\/wp-json\/wp\/v2\/product_cat?post=1348"},{"taxonomy":"product_tag","embeddable":true,"href":"https:\/\/mygenehub.com\/pt\/wp-json\/wp\/v2\/product_tag?post=1348"}],"curies":[{"name":"wp","href":"https:\/\/api.w.org\/{rel}","templated":true}]}}