{"id":76,"date":"2025-06-06T11:56:34","date_gmt":"2025-06-06T11:56:34","guid":{"rendered":"http:\/\/localhost\/mghwp\/?post_type=product&#038;p=76"},"modified":"2025-09-27T14:59:34","modified_gmt":"2025-09-27T14:59:34","slug":"nutrifit-premium","status":"publish","type":"product","link":"https:\/\/mygenehub.com\/pt\/produto\/nutrifit-premium\/","title":{"rendered":"NUTRIFIT PREMIUM"},"content":{"rendered":"<p><span style=\"font-size: 18px;\"><strong>58 An\u00e1lise de DNA<\/strong><\/span><\/p>\n<p>O NutriFit Premium \u00e9 o nosso programa mais completo de revis\u00e3o do estilo de vida, com foco em nutrigen\u00e9tica, rejuvenescimento e gen\u00e9tica esportiva. Ele consiste em um painel de 129 marcadores gen\u00e9ticos, relacionados a v\u00e1rios aspectos importantes do estilo de vida, incluindo controle de peso e composi\u00e7\u00e3o corporal, metabolismo de nutrientes, h\u00e1bitos alimentares, sa\u00fade cardiometab\u00f3lica, intoler\u00e2ncias alimentares, respostas antioxidantes, propriedades da pele e resposta a determinadas atividades f\u00edsicas.<\/p>","protected":false},"excerpt":{"rendered":"<p><span style=\"font-size: 18px;\"><strong>58 An\u00e1lise de DNA<\/strong><\/span><\/p>\n<p>O NutriFit Premium \u00e9 o nosso programa mais completo de revis\u00e3o do estilo de vida, com foco em nutrigen\u00e9tica, rejuvenescimento e gen\u00e9tica esportiva. Ele consiste em um painel de 129 marcadores gen\u00e9ticos, relacionados a v\u00e1rios aspectos importantes do estilo de vida, incluindo controle de peso e composi\u00e7\u00e3o corporal, metabolismo de nutrientes, h\u00e1bitos alimentares, sa\u00fade cardiometab\u00f3lica, intoler\u00e2ncias alimentares, respostas antioxidantes, propriedades da pele e resposta a determinadas atividades f\u00edsicas.<\/p>","protected":false},"featured_media":79,"comment_status":"open","ping_status":"closed","template":"","meta":{"_kadence_starter_templates_imported_post":false,"_kad_post_transparent":"default","_kad_post_title":"","_kad_post_layout":"default","_kad_post_sidebar_id":"","_kad_post_content_style":"default","_kad_post_vertical_padding":"default","_kad_post_feature":"","_kad_post_feature_position":"","_kad_post_header":false,"_kad_post_footer":false},"product_brand":[],"product_cat":[29],"product_tag":[],"class_list":{"0":"post-76","1":"product","2":"type-product","3":"status-publish","4":"has-post-thumbnail","6":"product_cat-home-dna-tests","8":"first","9":"instock","10":"featured","11":"taxable","12":"shipping-taxable","13":"purchasable","14":"product-type-simple","15":"entry","16":"content-bg","17":"loop-entry"},"_links":{"self":[{"href":"https:\/\/mygenehub.com\/pt\/wp-json\/wp\/v2\/product\/76","targetHints":{"allow":["GET"]}}],"collection":[{"href":"https:\/\/mygenehub.com\/pt\/wp-json\/wp\/v2\/product"}],"about":[{"href":"https:\/\/mygenehub.com\/pt\/wp-json\/wp\/v2\/types\/product"}],"replies":[{"embeddable":true,"href":"https:\/\/mygenehub.com\/pt\/wp-json\/wp\/v2\/comments?post=76"}],"wp:featuredmedia":[{"embeddable":true,"href":"https:\/\/mygenehub.com\/pt\/wp-json\/wp\/v2\/media\/79"}],"wp:attachment":[{"href":"https:\/\/mygenehub.com\/pt\/wp-json\/wp\/v2\/media?parent=76"}],"wp:term":[{"taxonomy":"product_brand","embeddable":true,"href":"https:\/\/mygenehub.com\/pt\/wp-json\/wp\/v2\/product_brand?post=76"},{"taxonomy":"product_cat","embeddable":true,"href":"https:\/\/mygenehub.com\/pt\/wp-json\/wp\/v2\/product_cat?post=76"},{"taxonomy":"product_tag","embeddable":true,"href":"https:\/\/mygenehub.com\/pt\/wp-json\/wp\/v2\/product_tag?post=76"}],"curies":[{"name":"wp","href":"https:\/\/api.w.org\/{rel}","templated":true}]}}